{"id":1010,"date":"2025-02-12T07:09:33","date_gmt":"2025-02-12T12:09:33","guid":{"rendered":"https:\/\/beton.arkhame.com\/privacy-policy\/"},"modified":"2025-04-09T17:38:42","modified_gmt":"2025-04-09T21:38:42","slug":"privacy-policy","status":"publish","type":"page","link":"https:\/\/polissagebetonelite.ca\/en\/privacy-policy\/","title":{"rendered":"Privacy Policy"},"content":{"rendered":"<style>.elementor-1010 .elementor-element.elementor-element-0babb06{--display:flex;--min-height:540px;--flex-direction:column;--container-widget-width:calc( ( 1 - var( --container-widget-flex-grow ) ) * 100% );--container-widget-height:initial;--container-widget-flex-grow:0;--container-widget-align-self:initial;--flex-wrap-mobile:wrap;--justify-content:center;--align-items:center;--gap:20px 20px;--row-gap:20px;--column-gap:20px;--overlay-opacity:0.29;--padding-top:5%;--padding-bottom:5%;--padding-left:5%;--padding-right:5%;}.elementor-1010 .elementor-element.elementor-element-0babb06:not(.elementor-motion-effects-element-type-background), .elementor-1010 .elementor-element.elementor-element-0babb06 > .elementor-motion-effects-container > .elementor-motion-effects-layer{background-color:#1B252F;background-image:url(\"https:\/\/polissagebetonelite.ca\/wp-content\/uploads\/2025\/02\/ciment.webp\");background-position:center center;background-repeat:no-repeat;background-size:cover;}.elementor-1010 .elementor-element.elementor-element-0babb06::before, .elementor-1010 .elementor-element.elementor-element-0babb06 > .elementor-background-video-container::before, .elementor-1010 .elementor-element.elementor-element-0babb06 > .e-con-inner > .elementor-background-video-container::before, .elementor-1010 .elementor-element.elementor-element-0babb06 > .elementor-background-slideshow::before, .elementor-1010 .elementor-element.elementor-element-0babb06 > .e-con-inner > .elementor-background-slideshow::before, .elementor-1010 .elementor-element.elementor-element-0babb06 > .elementor-motion-effects-container > .elementor-motion-effects-layer::before{--background-overlay:'';background-color:var( --e-global-color-text );}.elementor-1010 .elementor-element.elementor-element-b8d987a{text-align:center;}.elementor-1010 .elementor-element.elementor-element-b8d987a .elementor-heading-title{font-family:\"Archivo\", Sans-serif;font-size:50px;font-weight:800;text-transform:none;font-style:normal;text-decoration:none;line-height:1em;letter-spacing:0px;word-spacing:0em;color:#FBFBFB;}.elementor-1010 .elementor-element.elementor-element-ad95603{--divider-border-style:solid;--divider-color:var( --e-global-color-40dea17 );--divider-border-width:1px;}.elementor-1010 .elementor-element.elementor-element-ad95603 .elementor-divider-separator{width:100px;margin:0 auto;margin-center:0;}.elementor-1010 .elementor-element.elementor-element-ad95603 .elementor-divider{text-align:center;padding-block-start:2px;padding-block-end:2px;}.elementor-1010 .elementor-element.elementor-element-ad95603.elementor-view-stacked .elementor-icon{background-color:var( --e-global-color-40dea17 );}.elementor-1010 .elementor-element.elementor-element-ad95603.elementor-view-framed .elementor-icon, .elementor-1010 .elementor-element.elementor-element-ad95603.elementor-view-default .elementor-icon{color:var( --e-global-color-40dea17 );border-color:var( --e-global-color-40dea17 );}.elementor-1010 .elementor-element.elementor-element-ad95603.elementor-view-framed .elementor-icon, .elementor-1010 .elementor-element.elementor-element-ad95603.elementor-view-default .elementor-icon svg{fill:var( --e-global-color-40dea17 );}.elementor-1010 .elementor-element.elementor-element-ad95603 > .elementor-widget-container{margin:0px 0px 0px 0px;}.elementor-1010 .elementor-element.elementor-element-ca4cddb ul.hfe-breadcrumbs li{margin-right:10px;}.elementor-1010 .elementor-element.elementor-element-ca4cddb .hfe-breadcrumbs, .elementor-1010 .elementor-element.elementor-element-ca4cddb .hfe-breadcrumbs .hfe-breadcrumbs-text{color:var( --e-global-color-secondary );}.elementor-1010 .elementor-element.elementor-element-ca4cddb .hfe-breadcrumbs svg{fill:var( --e-global-color-secondary );}.elementor-1010 .elementor-element.elementor-element-ca4cddb .hfe-breadcrumbs-separator .hfe-breadcrumbs-separator-text{color:#DDDDDD;}.elementor-1010 .elementor-element.elementor-element-ca4cddb .hfe-breadcrumbs-separator-icon svg{fill:#DDDDDD;}.elementor-1010 .elementor-element.elementor-element-34042c6{--display:flex;}.elementor-1010 .elementor-element.elementor-element-4221826 > .elementor-widget-container{margin:3em 1em 3em 1em;}:root{--page-title-display:none;}@media(max-width:1366px){.elementor-1010 .elementor-element.elementor-element-0babb06{--min-height:400px;}}@media(max-width:1200px){.elementor-1010 .elementor-element.elementor-element-0babb06{--min-height:370px;}.elementor-1010 .elementor-element.elementor-element-b8d987a .elementor-heading-title{font-size:37px;}}@media(max-width:1024px){.elementor-1010 .elementor-element.elementor-element-0babb06{--min-height:300px;--padding-top:7%;--padding-bottom:8%;--padding-left:5%;--padding-right:5%;}.elementor-1010 .elementor-element.elementor-element-0babb06:not(.elementor-motion-effects-element-type-background), .elementor-1010 .elementor-element.elementor-element-0babb06 > .elementor-motion-effects-container > .elementor-motion-effects-layer{background-position:center center;}.elementor-1010 .elementor-element.elementor-element-b8d987a .elementor-heading-title{font-size:30px;line-height:1em;letter-spacing:0px;word-spacing:0em;}}@media(max-width:880px){.elementor-1010 .elementor-element.elementor-element-0babb06{--padding-top:0%;--padding-bottom:0%;--padding-left:0%;--padding-right:0%;}}@media(max-width:767px){.elementor-1010 .elementor-element.elementor-element-0babb06:not(.elementor-motion-effects-element-type-background), .elementor-1010 .elementor-element.elementor-element-0babb06 > .elementor-motion-effects-container > .elementor-motion-effects-layer{background-position:center center;}.elementor-1010 .elementor-element.elementor-element-0babb06{--padding-top:15%;--padding-bottom:15%;--padding-left:5%;--padding-right:5%;}.elementor-1010 .elementor-element.elementor-element-b8d987a .elementor-heading-title{font-size:25px;}.elementor-1010 .elementor-element.elementor-element-ad95603 .elementor-divider{padding-block-start:5px;padding-block-end:5px;}}@media(min-width:1367px){.elementor-1010 .elementor-element.elementor-element-0babb06:not(.elementor-motion-effects-element-type-background), .elementor-1010 .elementor-element.elementor-element-0babb06 > .elementor-motion-effects-container > .elementor-motion-effects-layer{background-attachment:scroll;}}\/* Start custom CSS for text-editor, class: .elementor-element-4221826 *\/.elementor-1010 .elementor-element.elementor-element-4221826 {text-align:justify;}\/* End custom CSS *\/<\/style>\t\t<div data-elementor-type=\"wp-page\" data-elementor-id=\"1010\" class=\"elementor elementor-1010 elementor-3\" data-elementor-post-type=\"page\">\n\t\t\t\t<div class=\"elementor-element elementor-element-0babb06 e-flex e-con-boxed e-con e-parent\" data-id=\"0babb06\" data-element_type=\"container\" data-e-type=\"container\" data-settings=\"{&quot;background_background&quot;:&quot;classic&quot;,&quot;shape_divider_bottom&quot;:&quot;arrow&quot;}\">\n\t\t\t\t\t<div class=\"e-con-inner\">\n\t\t\t\t<div class=\"elementor-shape elementor-shape-bottom\" aria-hidden=\"true\" data-negative=\"false\">\n\t\t\t<svg xmlns=\"http:\/\/www.w3.org\/2000\/svg\" viewBox=\"0 0 700 10\" preserveAspectRatio=\"none\">\n\t<path class=\"elementor-shape-fill\" d=\"M350,10L340,0h20L350,10z\"\/>\n<\/svg>\t\t<\/div>\n\t\t\t\t<div class=\"elementor-element elementor-element-b8d987a animated-slow elementor-invisible elementor-widget elementor-widget-heading\" data-id=\"b8d987a\" data-element_type=\"widget\" data-e-type=\"widget\" data-settings=\"{&quot;_animation&quot;:&quot;slideInDown&quot;}\" data-widget_type=\"heading.default\">\n\t\t\t\t<div class=\"elementor-widget-container\">\n\t\t\t\t\t<h2 class=\"elementor-heading-title elementor-size-default\">Privacy Policy<\/h2>\t\t\t\t<\/div>\n\t\t\t\t<\/div>\n\t\t\t\t<div class=\"elementor-element elementor-element-ad95603 elementor-widget-divider--view-line_icon elementor-view-default elementor-widget-divider--element-align-center elementor-widget elementor-widget-divider\" data-id=\"ad95603\" data-element_type=\"widget\" data-e-type=\"widget\" data-widget_type=\"divider.default\">\n\t\t\t\t<div class=\"elementor-widget-container\">\n\t\t\t\t\t\t\t<div class=\"elementor-divider\">\n\t\t\t<span class=\"elementor-divider-separator\">\n\t\t\t\t\t\t\t<div class=\"elementor-icon elementor-divider__element\">\n\t\t\t\t\t<i aria-hidden=\"true\" class=\"jki jki-right-arrow-8\"><\/i><\/div>\n\t\t\t\t\t\t<\/span>\n\t\t<\/div>\n\t\t\t\t\t\t<\/div>\n\t\t\t\t<\/div>\n\t\t\t\t<div class=\"elementor-element elementor-element-ca4cddb elementor-widget elementor-widget-hfe-breadcrumbs-widget\" data-id=\"ca4cddb\" data-element_type=\"widget\" data-e-type=\"widget\" data-widget_type=\"hfe-breadcrumbs-widget.default\">\n\t\t\t\t<div class=\"elementor-widget-container\">\n\t\t\t\t\t<nav aria-label=\"Breadcrumb\"><ul class=\"hfe-breadcrumbs hfe-breadcrumbs-show-home\"><li class=\"hfe-breadcrumbs-item hfe-breadcrumbs-first\"><span class=\"hfe-breadcrumbs-home-icon\"><svg aria-hidden=\"true\" class=\"e-font-icon-svg e-fas-home\" viewBox=\"0 0 576 512\" xmlns=\"http:\/\/www.w3.org\/2000\/svg\"><path d=\"M280.37 148.26L96 300.11V464a16 16 0 0 0 16 16l112.06-.29a16 16 0 0 0 15.92-16V368a16 16 0 0 1 16-16h64a16 16 0 0 1 16 16v95.64a16 16 0 0 0 16 16.05L464 480a16 16 0 0 0 16-16V300L295.67 148.26a12.19 12.19 0 0 0-15.3 0zM571.6 251.47L488 182.56V44.05a12 12 0 0 0-12-12h-56a12 12 0 0 0-12 12v72.61L318.47 43a48 48 0 0 0-61 0L4.34 251.47a12 12 0 0 0-1.6 16.9l25.5 31A12 12 0 0 0 45.15 301l235.22-193.74a12.19 12.19 0 0 1 15.3 0L530.9 301a12 12 0 0 0 16.9-1.6l25.5-31a12 12 0 0 0-1.7-16.93z\"><\/path><\/svg><\/span><a href=\"https:\/\/polissagebetonelite.ca\/en\/\"><span class=\"hfe-breadcrumbs-text\">Home<\/span><\/a><\/li><\/ul><\/nav>\t\t\t\t<\/div>\n\t\t\t\t<\/div>\n\t\t\t\t\t<\/div>\n\t\t\t\t<\/div>\n\t\t<div class=\"elementor-element elementor-element-34042c6 e-flex e-con-boxed e-con e-parent\" data-id=\"34042c6\" data-element_type=\"container\" data-e-type=\"container\">\n\t\t\t\t\t<div class=\"e-con-inner\">\n\t\t\t\t<div class=\"elementor-element elementor-element-4221826 elementor-widget elementor-widget-text-editor\" data-id=\"4221826\" data-element_type=\"widget\" data-e-type=\"widget\" data-widget_type=\"text-editor.default\">\n\t\t\t\t<div class=\"elementor-widget-container\">\n\t\t\t\t\t\t\t\t\t<p>Our company does not disclose, sell, rent or transfer any personal information to anyone or third parties. We do not collect sensitive data. The data collected is used for Google Analytics to locate a user and their time spent on the website. The personal information collected is obtained when a form has been completed. They are kept in a secure environment and are then destroyed within a reasonable time. For the purposes of this policy, \u201cpersonal information\u201d means any information relating to a natural person and which allows this person to be identified.<\/p><p>This policy focuses on the clauses that have been adopted in the private sector to govern the collection, maintenance, use, disclosure and destruction of personal information. The rules were designed to balance the privacy rights of individuals with respect to their personal information and the needs to collect, use or disclose such information in connection with its commercial activities.<\/p><p>People working for our company are required to respect the confidentiality of your information. We have designated a responsible person within our company for the protection of personal information. At each stage of the management of the personal information we hold, we ensure that we obtain the consent of the person concerned. This consent must be manifest, free, informed and given for particular purposes, and it is only valid for the duration of time necessary to achieve the objective for which it was requested. For any questions or changes to your personal information, please contact our responsible person in writing at the email address: info@betonelite.ca.<\/p><p>We undertake to recognize a right of access and rectification to those concerned wishing to consult, modify or even delete information concerning them. The exercise of this right will be done by sending us an email to the following address: info@betonelite.ca.<\/p><p>This policy has been drafted to meet the requirements of the relevant clauses of the statutes which govern the protection of personal information and confidentiality.<\/p>\t\t\t\t\t\t\t\t<\/div>\n\t\t\t\t<\/div>\n\t\t\t\t\t<\/div>\n\t\t\t\t<\/div>\n\t\t\t\t<\/div>\n\t\t","protected":false},"excerpt":{"rendered":"<p>Home Our company does not disclose, sell, rent or transfer any personal information to anyone or third parties. We do not collect sensitive data. The data collected is used for Google Analytics to locate a user and their time spent on the website. The personal information collected is obtained when a form has been completed. [&hellip;]<\/p>\n","protected":false},"author":2,"featured_media":0,"parent":0,"menu_order":0,"comment_status":"closed","ping_status":"closed","template":"","meta":{"footnotes":""},"class_list":["post-1010","page","type-page","status-publish","hentry"],"yoast_head":"<!-- This site is optimized with the Yoast SEO plugin v26.9 - https:\/\/yoast.com\/product\/yoast-seo-wordpress\/ -->\n<title>Privacy Policy | Polissage B\u00e9ton \u00c9lite<\/title>\n<meta name=\"description\" content=\"Privacy Policy for Polissage B\u00e9ton \u00c9lite. The company specializing in concrete and waterproofing membranes in Laval.\" \/>\n<meta name=\"robots\" content=\"index, follow, max-snippet:-1, max-image-preview:large, max-video-preview:-1\" \/>\n<link rel=\"canonical\" href=\"https:\/\/polissagebetonelite.ca\/en\/privacy-policy\/\" \/>\n<meta property=\"og:locale\" content=\"en_US\" \/>\n<meta property=\"og:type\" content=\"article\" \/>\n<meta property=\"og:title\" content=\"Privacy Policy | Polissage B\u00e9ton \u00c9lite\" \/>\n<meta property=\"og:description\" content=\"Privacy Policy for Polissage B\u00e9ton \u00c9lite. The company specializing in concrete and waterproofing membranes in Laval.\" \/>\n<meta property=\"og:url\" content=\"https:\/\/polissagebetonelite.ca\/en\/privacy-policy\/\" \/>\n<meta property=\"og:site_name\" content=\"Polissage B\u00e9ton \u00c9lite\" \/>\n<meta property=\"article:publisher\" content=\"https:\/\/www.facebook.com\/people\/Polissage-bton-lite\/100063713873137\/\" \/>\n<meta property=\"article:modified_time\" content=\"2025-04-09T21:38:42+00:00\" \/>\n<meta name=\"twitter:card\" content=\"summary_large_image\" \/>\n<meta name=\"twitter:label1\" content=\"Est. reading time\" \/>\n\t<meta name=\"twitter:data1\" content=\"2 minutes\" \/>\n<script type=\"application\/ld+json\" class=\"yoast-schema-graph\">{\"@context\":\"https:\/\/schema.org\",\"@graph\":[{\"@type\":\"WebPage\",\"@id\":\"https:\/\/polissagebetonelite.ca\/en\/privacy-policy\/\",\"url\":\"https:\/\/polissagebetonelite.ca\/en\/privacy-policy\/\",\"name\":\"Privacy Policy | Polissage B\u00e9ton \u00c9lite\",\"isPartOf\":{\"@id\":\"https:\/\/polissagebetonelite.ca\/#website\"},\"datePublished\":\"2025-02-12T12:09:33+00:00\",\"dateModified\":\"2025-04-09T21:38:42+00:00\",\"description\":\"Privacy Policy for Polissage B\u00e9ton \u00c9lite. The company specializing in concrete and waterproofing membranes in Laval.\",\"breadcrumb\":{\"@id\":\"https:\/\/polissagebetonelite.ca\/en\/privacy-policy\/#breadcrumb\"},\"inLanguage\":\"en-US\",\"potentialAction\":[{\"@type\":\"ReadAction\",\"target\":[\"https:\/\/polissagebetonelite.ca\/en\/privacy-policy\/\"]}]},{\"@type\":\"BreadcrumbList\",\"@id\":\"https:\/\/polissagebetonelite.ca\/en\/privacy-policy\/#breadcrumb\",\"itemListElement\":[{\"@type\":\"ListItem\",\"position\":1,\"name\":\"Home\",\"item\":\"https:\/\/polissagebetonelite.ca\/en\/\"},{\"@type\":\"ListItem\",\"position\":2,\"name\":\"Privacy Policy\"}]},{\"@type\":\"WebSite\",\"@id\":\"https:\/\/polissagebetonelite.ca\/#website\",\"url\":\"https:\/\/polissagebetonelite.ca\/\",\"name\":\"Polissage B\u00e9ton \u00c9lite\",\"description\":\"\",\"publisher\":{\"@id\":\"https:\/\/polissagebetonelite.ca\/#organization\"},\"potentialAction\":[{\"@type\":\"SearchAction\",\"target\":{\"@type\":\"EntryPoint\",\"urlTemplate\":\"https:\/\/polissagebetonelite.ca\/?s={search_term_string}\"},\"query-input\":{\"@type\":\"PropertyValueSpecification\",\"valueRequired\":true,\"valueName\":\"search_term_string\"}}],\"inLanguage\":\"en-US\"},{\"@type\":\"Organization\",\"@id\":\"https:\/\/polissagebetonelite.ca\/#organization\",\"name\":\"Polissage B\u00e9ton \u00c9lite\",\"url\":\"https:\/\/polissagebetonelite.ca\/\",\"logo\":{\"@type\":\"ImageObject\",\"inLanguage\":\"en-US\",\"@id\":\"https:\/\/polissagebetonelite.ca\/#\/schema\/logo\/image\/\",\"url\":\"http:\/\/polissagebetonelite.ca\/wp-content\/uploads\/2025\/04\/logo.png\",\"contentUrl\":\"http:\/\/polissagebetonelite.ca\/wp-content\/uploads\/2025\/04\/logo.png\",\"width\":696,\"height\":696,\"caption\":\"Polissage B\u00e9ton \u00c9lite\"},\"image\":{\"@id\":\"https:\/\/polissagebetonelite.ca\/#\/schema\/logo\/image\/\"},\"sameAs\":[\"https:\/\/www.facebook.com\/people\/Polissage-bton-lite\/100063713873137\/\"]}]}<\/script>\n<!-- \/ Yoast SEO plugin. -->","yoast_head_json":{"title":"Privacy Policy | Polissage B\u00e9ton \u00c9lite","description":"Privacy Policy for Polissage B\u00e9ton \u00c9lite. The company specializing in concrete and waterproofing membranes in Laval.","robots":{"index":"index","follow":"follow","max-snippet":"max-snippet:-1","max-image-preview":"max-image-preview:large","max-video-preview":"max-video-preview:-1"},"canonical":"https:\/\/polissagebetonelite.ca\/en\/privacy-policy\/","og_locale":"en_US","og_type":"article","og_title":"Privacy Policy | Polissage B\u00e9ton \u00c9lite","og_description":"Privacy Policy for Polissage B\u00e9ton \u00c9lite. The company specializing in concrete and waterproofing membranes in Laval.","og_url":"https:\/\/polissagebetonelite.ca\/en\/privacy-policy\/","og_site_name":"Polissage B\u00e9ton \u00c9lite","article_publisher":"https:\/\/www.facebook.com\/people\/Polissage-bton-lite\/100063713873137\/","article_modified_time":"2025-04-09T21:38:42+00:00","twitter_card":"summary_large_image","twitter_misc":{"Est. reading time":"2 minutes"},"schema":{"@context":"https:\/\/schema.org","@graph":[{"@type":"WebPage","@id":"https:\/\/polissagebetonelite.ca\/en\/privacy-policy\/","url":"https:\/\/polissagebetonelite.ca\/en\/privacy-policy\/","name":"Privacy Policy | Polissage B\u00e9ton \u00c9lite","isPartOf":{"@id":"https:\/\/polissagebetonelite.ca\/#website"},"datePublished":"2025-02-12T12:09:33+00:00","dateModified":"2025-04-09T21:38:42+00:00","description":"Privacy Policy for Polissage B\u00e9ton \u00c9lite. The company specializing in concrete and waterproofing membranes in Laval.","breadcrumb":{"@id":"https:\/\/polissagebetonelite.ca\/en\/privacy-policy\/#breadcrumb"},"inLanguage":"en-US","potentialAction":[{"@type":"ReadAction","target":["https:\/\/polissagebetonelite.ca\/en\/privacy-policy\/"]}]},{"@type":"BreadcrumbList","@id":"https:\/\/polissagebetonelite.ca\/en\/privacy-policy\/#breadcrumb","itemListElement":[{"@type":"ListItem","position":1,"name":"Home","item":"https:\/\/polissagebetonelite.ca\/en\/"},{"@type":"ListItem","position":2,"name":"Privacy Policy"}]},{"@type":"WebSite","@id":"https:\/\/polissagebetonelite.ca\/#website","url":"https:\/\/polissagebetonelite.ca\/","name":"Polissage B\u00e9ton \u00c9lite","description":"","publisher":{"@id":"https:\/\/polissagebetonelite.ca\/#organization"},"potentialAction":[{"@type":"SearchAction","target":{"@type":"EntryPoint","urlTemplate":"https:\/\/polissagebetonelite.ca\/?s={search_term_string}"},"query-input":{"@type":"PropertyValueSpecification","valueRequired":true,"valueName":"search_term_string"}}],"inLanguage":"en-US"},{"@type":"Organization","@id":"https:\/\/polissagebetonelite.ca\/#organization","name":"Polissage B\u00e9ton \u00c9lite","url":"https:\/\/polissagebetonelite.ca\/","logo":{"@type":"ImageObject","inLanguage":"en-US","@id":"https:\/\/polissagebetonelite.ca\/#\/schema\/logo\/image\/","url":"http:\/\/polissagebetonelite.ca\/wp-content\/uploads\/2025\/04\/logo.png","contentUrl":"http:\/\/polissagebetonelite.ca\/wp-content\/uploads\/2025\/04\/logo.png","width":696,"height":696,"caption":"Polissage B\u00e9ton \u00c9lite"},"image":{"@id":"https:\/\/polissagebetonelite.ca\/#\/schema\/logo\/image\/"},"sameAs":["https:\/\/www.facebook.com\/people\/Polissage-bton-lite\/100063713873137\/"]}]}},"_links":{"self":[{"href":"https:\/\/polissagebetonelite.ca\/en\/wp-json\/wp\/v2\/pages\/1010","targetHints":{"allow":["GET"]}}],"collection":[{"href":"https:\/\/polissagebetonelite.ca\/en\/wp-json\/wp\/v2\/pages"}],"about":[{"href":"https:\/\/polissagebetonelite.ca\/en\/wp-json\/wp\/v2\/types\/page"}],"author":[{"embeddable":true,"href":"https:\/\/polissagebetonelite.ca\/en\/wp-json\/wp\/v2\/users\/2"}],"replies":[{"embeddable":true,"href":"https:\/\/polissagebetonelite.ca\/en\/wp-json\/wp\/v2\/comments?post=1010"}],"version-history":[{"count":6,"href":"https:\/\/polissagebetonelite.ca\/en\/wp-json\/wp\/v2\/pages\/1010\/revisions"}],"predecessor-version":[{"id":2221,"href":"https:\/\/polissagebetonelite.ca\/en\/wp-json\/wp\/v2\/pages\/1010\/revisions\/2221"}],"wp:attachment":[{"href":"https:\/\/polissagebetonelite.ca\/en\/wp-json\/wp\/v2\/media?parent=1010"}],"curies":[{"name":"wp","href":"https:\/\/api.w.org\/{rel}","templated":true}]}}